{"id":118,"date":"2020-03-18T15:19:15","date_gmt":"2020-03-18T15:19:15","guid":{"rendered":"http:\/\/angelamascarell.com\/?page_id=118"},"modified":"2023-12-22T16:03:03","modified_gmt":"2023-12-22T16:03:03","slug":"conoceme","status":"publish","type":"page","link":"https:\/\/angelamascarell.com\/index.php\/conoceme\/","title":{"rendered":"Con\u00f3ceme"},"content":{"rendered":"\n<div class=\"wp-block-columns\">\n<div class=\"wp-block-column\" style=\"flex-basis:16%\"><\/div>\n\n\n\n<div class=\"wp-block-column\" style=\"flex-basis:84%\">\n<h1>CON\u00f3CEME<\/h1>\n<\/div>\n<\/div>\n\n\n\n<div style=\"height:55px\" aria-hidden=\"true\" class=\"wp-block-spacer\"><\/div>\n\n\n\n<div class=\"wp-block-columns\">\n<div class=\"wp-block-column\" style=\"flex-basis:36%\">\n<div class=\"wp-block-columns\">\n<div class=\"wp-block-column\" style=\"flex-basis:14%\"><\/div>\n\n\n\n<div class=\"wp-block-column\" style=\"flex-basis:86%\">\n<div class=\"wp-block-image\"><figure class=\"alignleft size-large is-resized\"><img loading=\"lazy\" src=\"http:\/\/angelamascarell.com\/wp-content\/uploads\/2019\/12\/copia-2.jpg\" alt=\"\" class=\"wp-image-30\" width=\"376\" height=\"345\"\/><figcaption>ANGELA MASCARELL<\/figcaption><\/figure><\/div>\n<\/div>\n<\/div>\n<\/div>\n\n\n\n<div class=\"wp-block-column\" style=\"flex-basis:64%\">\n<div class=\"wp-block-columns\">\n<div class=\"wp-block-column\" style=\"flex-basis:87%\">\n<h2>Formaci\u00f3n<\/h2>\n\n\n\n<p class=\"has-text-align-center\">Desde 1991 he estado viajando buscando una fuente donde beber el agua m\u00e1s pura del conocimiento y la sabidur\u00eda y me fui encontrando con personas y maestros maravillosos por oriente, norte Am\u00e9rica, Sudam\u00e9rica y experiencias inolvidables\u2026  <\/p>\n\n\n\n<p> <strong>HE RECIBIDO FORMACI\u00d3N EN<\/strong>: EFT \u00bb T\u00e9cnicas de Liberaci\u00f3n Emocional\u00bb (Tapping) &#8211; Registros Ak\u00e1shicos &#8211; Ter\u00e1pia Estructural &#8211; PNL \u00abProgramaci\u00f3n Neurolinguistica\u00bb- Hipnoterapia Regresiva -Points of You &#8211; Access Bars Consciousness (Barras de Acceso a la Consciencia) &#8211; M\u00e9todo Yuen &#8211; Secuencias num\u00e9ricas de Gravoboi- Sanaci\u00f3n ZEN &#8211; Maestr\u00eda Reiki Usui Shiki Ryojo -Maestr\u00eda Reiki Karuna &#8211; Maestr\u00eda de Magnified Healing &#8211; Geobiolog\u00eda &#8211; Cristaloterapia &#8211; Ondas de Forma &#8211; Esencias Florales &#8211; Noesiterapia &#8211;  Integraci\u00f3n del Ser\u2026  <\/p>\n<\/div>\n\n\n\n<div class=\"wp-block-column\" style=\"flex-basis:13%\"><\/div>\n<\/div>\n<\/div>\n<\/div>\n\n\n\n<div class=\"wp-block-columns\">\n<div class=\"wp-block-column\" style=\"flex-basis:13.88%\"><\/div>\n\n\n\n<div class=\"wp-block-column\" style=\"flex-basis:69.13%\">\n<h2>Un poco m\u00e1s sobre mi <\/h2>\n\n\n\n<p>Mi aprendizaje comienza a los 11 a\u00f1os cuando tuve un accidente (teniendo&nbsp; una experiencia cercana a la muerte) que me provoco una lesi\u00f3n de columna severa, lo cual me llevo largos a\u00f1os de dolor y sin vislumbrar el fin del&nbsp; sufrimiento. <\/p>\n\n\n\n<p>A los 32 a\u00f1os llegue a la fase cr\u00edtica en la que la \u00fanica opci\u00f3n para salir de esa situaci\u00f3n (seg\u00fan los m\u00e9dicos) era una intervenci\u00f3n en la columna larga, tediosa y sin ninguna garant\u00eda de la eliminaci\u00f3n del dolor. <\/p>\n\n\n\n<p>Este \u201cdetalle\u201d sobre que el dolor pod\u00eda continuar despu\u00e9s fue el detonante, lo m\u00e1s importante para mi era experimentar como era vivir sin dolor, lo que me hizo decidir que no iba a realizar la intervenci\u00f3n, pero tampoco sab\u00eda c\u00f3mo pod\u00eda salir de esa situaci\u00f3n. <\/p>\n\n\n\n<p>Entonces mi hija ten\u00eda 9 a\u00f1os y yo no pod\u00eda llevar una vida \u201cnormal\u201d ya hac\u00eda mucho tiempo. <\/p>\n\n\n\n<p>M\u00e1s tarde llegar\u00eda la fibromialgia y otras alteraciones para completar la situaci\u00f3n. <\/p>\n\n\n\n<p>Ese fue un momento muy especial y transcendental a la vez que m\u00e1gico en mi vida, era el a\u00f1o 1991, recordemos que no hab\u00eda Internet, que en Espa\u00f1a hab\u00eda poqu\u00edsima informaci\u00f3n de c\u00f3mo resolver estas situaciones fuera de la medicina oficial y en mi entorno no hab\u00eda nada ni nadie que me pudiese decir que exist\u00edan otros caminos. <\/p>\n\n\n\n<p>Entonces empezaron mis aventuras de b\u00fasquedas y encuentros para resolver mi situaci\u00f3n. <\/p>\n\n\n\n<p>Recordemos que en esa \u00e9poca no hab\u00eda nada m\u00e1s importante en mi vida que descubrir los secretos de la tan anhelada salud y poder eliminar el dolor. <\/p>\n\n\n\n<p>Viaj\u00e9 por tierras lejanas de Oriente y Am\u00e9rica. <\/p>\n\n\n\n<p>Con mucha pasi\u00f3n, disciplina, voluntad y entrega experiment\u00e9, estudi\u00e9 y me form\u00e9 en diferentes disciplinas y t\u00e9cnicas; sin embargo no eran suficientes y continu\u00e9 investigando por mi cuenta, obteniendo muy buenos resultados y desarrollando mi propia t\u00e9cnica. <\/p>\n\n\n\n<p>Hoy, despu\u00e9s de todo este tiempo, tengo un estilo muy personal y mi propio sello \u2013 EN EQUILIBRIO \u2013 <\/p>\n\n\n\n<p>Todo este tiempo me ha llevado a darme cuenta de lo importante que es mantener el EQUILIBRIO entre el cuerpo, la mente y el esp\u00edritu, creando entre ellos una conexi\u00f3n invisible y formando una relaci\u00f3n armoniosa e inseparable. Cualquier alteraci\u00f3n en alguno de ellos afectar\u00e1 a los otros. <\/p>\n\n\n\n<p>Es ese momento de plenitud que se produce cuando encuentras aquello que anhelabas, que cre\u00edas que solo era un sue\u00f1o, la paz del que ha ido y ha vuelto, todo est\u00e1 en calma y EL EQUILIBRIO llega para quedarse <\/p>\n\n\n\n<p>Tras haber recorrido un largo camino, navegado por algunos oc\u00e9anos y flotado en la ingravidez del espacio sensorial, estoy en un momento maravilloso de mi vida, que no pod\u00eda imaginar al principio, ni tampoco &nbsp;a la mitad de ella. <\/p>\n\n\n\n<div class=\"wp-block-image\"><figure class=\"alignleft size-full\"><img loading=\"lazy\" width=\"375\" height=\"395\" src=\"https:\/\/angelamascarell.com\/wp-content\/uploads\/2023\/12\/Imagen1.png\" alt=\"\" class=\"wp-image-605\" srcset=\"https:\/\/angelamascarell.com\/wp-content\/uploads\/2023\/12\/Imagen1.png 375w, https:\/\/angelamascarell.com\/wp-content\/uploads\/2023\/12\/Imagen1-285x300.png 285w\" sizes=\"(max-width: 375px) 100vw, 375px\" \/><\/figure><\/div>\n\n\n\n<h2>El equilibrio <\/h2>\n\n\n\n<p>Todos los seres humanos buscamos el equilibrio, esa sensaci\u00f3n de paz y armon\u00eda en nuestras vidas que nos garantice estabilidad y felicidad. Este equilibrio parte de descubrirnos plenos y realizados en todos los \u00e1mbitos de nuestra vida (personal, familiar, amoroso, social y profesional). Seremos m\u00e1s felices en la medida que obtengamos una completa satisfacci\u00f3n en cada una de ellas, de lo contrario viviremos con la eterna sensaci\u00f3n de que nos falta algo. En el peor de los casos, viviremos arrastrando sue\u00f1os postergados que ya no podremos cumplir, o los de otros.  <\/p>\n\n\n\n<p><\/p>\n\n\n\n<p><\/p>\n\n\n\n<h2>Hagamos el futuro <\/h2>\n\n\n\n<p>Hoy tienes muchos motivos para darle un giro a tu vida .- <\/p>\n\n\n\n<p>Te propongo ense\u00f1arte las se\u00f1ales para que puedas encontrar tu camino. <\/p>\n\n\n\n<h4>Te ofrezco que encuentres tu EQUILIBRIO a trav\u00e9s de mi experiencia y de mis t\u00e9cnicas. <\/h4>\n\n\n\n<h4>Yo ya estoy, \u00bfvienes?\u2026.   <\/h4>\n<\/div>\n\n\n\n<div class=\"wp-block-column\" style=\"flex-basis:17%\"><\/div>\n<\/div>\n\n\n\n<p> <\/p>\n","protected":false},"excerpt":{"rendered":"<p>CON\u00f3CEME Formaci\u00f3n Desde 1991 he estado viajando buscando una fuente donde beber el agua m\u00e1s pura del conocimiento y la sabidur\u00eda y me fui encontrando con personas y maestros maravillosos por oriente, norte Am\u00e9rica, Sudam\u00e9rica y experiencias inolvidables\u2026 HE RECIBIDO FORMACI\u00d3N EN: EFT \u00bb T\u00e9cnicas de Liberaci\u00f3n Emocional\u00bb (Tapping) &#8211; Registros Ak\u00e1shicos &#8211; Ter\u00e1pia Estructural&hellip;&nbsp;<a href=\"https:\/\/angelamascarell.com\/index.php\/conoceme\/\" class=\"\" rel=\"bookmark\">Leer m\u00e1s &raquo;<span class=\"screen-reader-text\">Con\u00f3ceme<\/span><\/a><\/p>\n","protected":false},"author":1,"featured_media":0,"parent":0,"menu_order":0,"comment_status":"closed","ping_status":"closed","template":"","meta":[],"_links":{"self":[{"href":"https:\/\/angelamascarell.com\/index.php\/wp-json\/wp\/v2\/pages\/118"}],"collection":[{"href":"https:\/\/angelamascarell.com\/index.php\/wp-json\/wp\/v2\/pages"}],"about":[{"href":"https:\/\/angelamascarell.com\/index.php\/wp-json\/wp\/v2\/types\/page"}],"author":[{"embeddable":true,"href":"https:\/\/angelamascarell.com\/index.php\/wp-json\/wp\/v2\/users\/1"}],"replies":[{"embeddable":true,"href":"https:\/\/angelamascarell.com\/index.php\/wp-json\/wp\/v2\/comments?post=118"}],"version-history":[{"count":15,"href":"https:\/\/angelamascarell.com\/index.php\/wp-json\/wp\/v2\/pages\/118\/revisions"}],"predecessor-version":[{"id":608,"href":"https:\/\/angelamascarell.com\/index.php\/wp-json\/wp\/v2\/pages\/118\/revisions\/608"}],"wp:attachment":[{"href":"https:\/\/angelamascarell.com\/index.php\/wp-json\/wp\/v2\/media?parent=118"}],"curies":[{"name":"wp","href":"https:\/\/api.w.org\/{rel}","templated":true}]}}