{"id":116,"date":"2020-03-18T13:56:22","date_gmt":"2020-03-18T13:56:22","guid":{"rendered":"http:\/\/angelamascarell.com\/?page_id=116"},"modified":"2020-03-19T11:38:45","modified_gmt":"2020-03-19T11:38:45","slug":"microtalleres-grupales","status":"publish","type":"page","link":"https:\/\/angelamascarell.com\/index.php\/microtalleres-grupales\/","title":{"rendered":"Microtalleres Grupales"},"content":{"rendered":"\n<div class=\"wp-block-image\"><figure class=\"aligncenter size-large\"><img loading=\"lazy\" width=\"1024\" height=\"102\" src=\"http:\/\/angelamascarell.com\/wp-content\/uploads\/2020\/03\/Dise\u00f1o-sin-t\u00edtulo-9-1024x102.png\" alt=\"\" class=\"wp-image-175\" srcset=\"https:\/\/angelamascarell.com\/wp-content\/uploads\/2020\/03\/Dise\u00f1o-sin-t\u00edtulo-9-1024x102.png 1024w, https:\/\/angelamascarell.com\/wp-content\/uploads\/2020\/03\/Dise\u00f1o-sin-t\u00edtulo-9-300x30.png 300w, https:\/\/angelamascarell.com\/wp-content\/uploads\/2020\/03\/Dise\u00f1o-sin-t\u00edtulo-9-768x77.png 768w, https:\/\/angelamascarell.com\/wp-content\/uploads\/2020\/03\/Dise\u00f1o-sin-t\u00edtulo-9.png 1500w\" sizes=\"(max-width: 1024px) 100vw, 1024px\" \/><\/figure><\/div>\n\n\n\n<div style=\"height:30px\" aria-hidden=\"true\" class=\"wp-block-spacer\"><\/div>\n\n\n\n<h1 class=\"has-text-align-center\">MICROTALLERES GRUPALES<\/h1>\n\n\n\n<div style=\"height:65px\" aria-hidden=\"true\" class=\"wp-block-spacer\"><\/div>\n\n\n\n<div class=\"wp-block-columns\">\n<div class=\"wp-block-column\">\n<div class=\"wp-block-columns\">\n<div class=\"wp-block-column\" style=\"flex-basis:33.33%\"><\/div>\n\n\n\n<div class=\"wp-block-column\" style=\"flex-basis:66.66%\">\n<p class=\"has-text-color has-background has-text-align-center has-white-color has-neve-text-color-background-color\"><a href=\"#*RELAX\">RELAX-IN<\/a><\/p>\n<\/div>\n<\/div>\n<\/div>\n\n\n\n<div class=\"wp-block-column\">\n<div class=\"wp-block-columns\">\n<div class=\"wp-block-column\" style=\"flex-basis:66.66%\">\n<p class=\"has-text-color has-background has-text-align-center has-white-color has-neve-text-color-background-color\"><a href=\"#*RELAJACIONES\">RELAJACIONES ACTIVAS<\/a><\/p>\n<\/div>\n\n\n\n<div class=\"wp-block-column\" style=\"flex-basis:33.33%\"><\/div>\n<\/div>\n<\/div>\n<\/div>\n\n\n\n<div style=\"height:100px\" aria-hidden=\"true\" class=\"wp-block-spacer\"><\/div>\n\n\n\n<div class=\"wp-block-columns\">\n<div class=\"wp-block-column\">\n<div class=\"wp-block-image\"><figure class=\"alignright size-large is-resized\"><img loading=\"lazy\" src=\"http:\/\/angelamascarell.com\/wp-content\/uploads\/2020\/03\/images-16-150x150-1.jpg\" alt=\"\" class=\"wp-image-53\" width=\"348\" height=\"348\"\/><\/figure><\/div>\n<\/div>\n\n\n\n<div class=\"wp-block-column\">\n<h2 id=\"*RELAX\">RELAX-IN<\/h2>\n\n\n\n<div style=\"height:30px\" aria-hidden=\"true\" class=\"wp-block-spacer\"><\/div>\n\n\n\n<p>Para los que no saben relajarse y quieren hacerlo, para los que no creen en nada pero por si acaso, para los que lo necesitan y no se atreven y para todos los dem\u00e1s.<\/p>\n\n\n\n<p>Duraci\u00f3n aproximada 1 hora.<\/p>\n\n\n\n<p>PARA RELAJARTE SI O SI<br><\/p>\n\n\n\n<div style=\"height:30px\" aria-hidden=\"true\" class=\"wp-block-spacer\"><\/div>\n\n\n\n<p class=\"has-text-color has-background has-text-align-right has-white-color has-neve-text-color-background-color\"><a href=\"http:\/\/angelamascarell.com\/#*CONTACTO\">PIDE M\u00c1S INFORMACI\u00d3N<\/a><\/p>\n<\/div>\n<\/div>\n\n\n\n<div style=\"height:100px\" aria-hidden=\"true\" class=\"wp-block-spacer\"><\/div>\n\n\n\n<div class=\"wp-block-columns\">\n<div class=\"wp-block-column\">\n<div class=\"wp-block-image\"><figure class=\"alignright size-large is-resized\"><img loading=\"lazy\" src=\"http:\/\/angelamascarell.com\/wp-content\/uploads\/2020\/03\/images-1.jpg\" alt=\"\" class=\"wp-image-217\" width=\"427\" height=\"239\"\/><\/figure><\/div>\n<\/div>\n\n\n\n<div class=\"wp-block-column\">\n<div style=\"height:30px\" aria-hidden=\"true\" class=\"wp-block-spacer\"><\/div>\n\n\n\n<h2 id=\"*RELAJACIONES\">RELAJACIONES ACTIVAS<\/h2>\n\n\n\n<div style=\"height:30px\" aria-hidden=\"true\" class=\"wp-block-spacer\"><\/div>\n\n\n\n<p>Desde el movimiento nos relajamos y eliminamos mejor las tensiones.<\/p>\n\n\n\n<p>&nbsp;A algunas personas les resulta m\u00e1s f\u00e1cil relajarse despu\u00e9s de haber realizado movimientos f\u00edsicos, los cuales acompa\u00f1aremos con una m\u00fasica concreta y unas pautas establecidas.<\/p>\n\n\n\n<p>Alguna de ellas son meditaciones de Osho<\/p>\n\n\n\n<p>Duraci\u00f3n aproximada 1 hora.<br><\/p>\n\n\n\n<div style=\"height:30px\" aria-hidden=\"true\" class=\"wp-block-spacer\"><\/div>\n\n\n\n<p class=\"has-text-color has-background has-text-align-right has-white-color has-neve-text-color-background-color\"><a href=\"http:\/\/angelamascarell.com\/#*CONTACTO\">PIDE M\u00c1S INFORMACI\u00d3N<\/a><\/p>\n<\/div>\n<\/div>\n","protected":false},"excerpt":{"rendered":"<p>MICROTALLERES GRUPALES RELAX-IN RELAJACIONES ACTIVAS RELAX-IN Para los que no saben relajarse y quieren hacerlo, para los que no creen en nada pero por si acaso, para los que lo necesitan y no se atreven y para todos los dem\u00e1s. Duraci\u00f3n aproximada 1 hora. PARA RELAJARTE SI O SI PIDE M\u00c1S INFORMACI\u00d3N RELAJACIONES ACTIVAS Desde&hellip;&nbsp;<a href=\"https:\/\/angelamascarell.com\/index.php\/microtalleres-grupales\/\" class=\"\" rel=\"bookmark\">Leer m\u00e1s &raquo;<span class=\"screen-reader-text\">Microtalleres Grupales<\/span><\/a><\/p>\n","protected":false},"author":1,"featured_media":0,"parent":0,"menu_order":0,"comment_status":"closed","ping_status":"closed","template":"","meta":[],"_links":{"self":[{"href":"https:\/\/angelamascarell.com\/index.php\/wp-json\/wp\/v2\/pages\/116"}],"collection":[{"href":"https:\/\/angelamascarell.com\/index.php\/wp-json\/wp\/v2\/pages"}],"about":[{"href":"https:\/\/angelamascarell.com\/index.php\/wp-json\/wp\/v2\/types\/page"}],"author":[{"embeddable":true,"href":"https:\/\/angelamascarell.com\/index.php\/wp-json\/wp\/v2\/users\/1"}],"replies":[{"embeddable":true,"href":"https:\/\/angelamascarell.com\/index.php\/wp-json\/wp\/v2\/comments?post=116"}],"version-history":[{"count":6,"href":"https:\/\/angelamascarell.com\/index.php\/wp-json\/wp\/v2\/pages\/116\/revisions"}],"predecessor-version":[{"id":219,"href":"https:\/\/angelamascarell.com\/index.php\/wp-json\/wp\/v2\/pages\/116\/revisions\/219"}],"wp:attachment":[{"href":"https:\/\/angelamascarell.com\/index.php\/wp-json\/wp\/v2\/media?parent=116"}],"curies":[{"name":"wp","href":"https:\/\/api.w.org\/{rel}","templated":true}]}}