{"id":112,"date":"2020-03-19T09:39:18","date_gmt":"2020-03-19T09:39:18","guid":{"rendered":"http:\/\/angelamascarell.com\/?page_id=112"},"modified":"2020-03-19T11:19:14","modified_gmt":"2020-03-19T11:19:14","slug":"terapias-individuales","status":"publish","type":"page","link":"https:\/\/angelamascarell.com\/index.php\/terapias-individuales\/","title":{"rendered":"Terapias Individuales"},"content":{"rendered":"\n<div class=\"wp-block-image\"><figure class=\"aligncenter size-large is-resized\"><img loading=\"lazy\" src=\"http:\/\/angelamascarell.com\/wp-content\/uploads\/2020\/03\/Dise\u00f1o-sin-t\u00edtulo-9-1024x102.png\" alt=\"\" class=\"wp-image-175\" width=\"1500\" height=\"128\"\/><\/figure><\/div>\n\n\n\n<div style=\"height:20px\" aria-hidden=\"true\" class=\"wp-block-spacer\"><\/div>\n\n\n\n<h2 class=\"has-text-align-center\">TERAPIAS INDIVIDUALES<\/h2>\n\n\n\n<div style=\"height:50px\" aria-hidden=\"true\" class=\"wp-block-spacer\"><\/div>\n\n\n\n<div class=\"wp-block-columns\">\n<div class=\"wp-block-column\" style=\"flex-basis:33.33%\">\n<p class=\"has-text-color has-background has-text-align-center has-white-color has-neve-text-color-background-color\"><a href=\"#*EQUILIBRIO\">EQUILIBRIO VITAL<\/a><\/p>\n\n\n\n<p class=\"has-text-color has-background has-text-align-center has-white-color has-neve-text-color-background-color\"><a href=\"#*ESTRUCTURAL\">TERAPIA ESTRUCTURAL<\/a><\/p>\n<\/div>\n\n\n\n<div class=\"wp-block-column\" style=\"flex-basis:40%\">\n<p class=\"has-text-color has-background has-text-align-center has-white-color has-neve-text-color-background-color\"><a href=\"#*MASCOTA\">AFRONTAR LA PERDIDA DE TU MASCOTA<\/a><\/p>\n\n\n\n<p class=\"has-text-color has-background has-text-align-center has-white-color has-neve-text-color-background-color\"><a href=\"#*MUERTE\">VIDA DESPU\u00c9S DE LA MUERTE<\/a><\/p>\n\n\n\n<p class=\"has-text-color has-background has-text-align-center has-white-color has-neve-text-color-background-color\"><a href=\"#*CASAS\">LIMPIEZA ENERG\u00c9TICA DE CASAS Y LUGARES<\/a><\/p>\n<\/div>\n\n\n\n<div class=\"wp-block-column\" style=\"flex-basis:26.67%\">\n<p class=\"has-text-color has-background has-text-align-center has-white-color has-neve-text-color-background-color\"><a href=\"#*ACCESS\">BARRAS ACCESS<\/a><\/p>\n\n\n\n<p class=\"has-text-color has-background has-text-align-center has-white-color has-neve-text-color-background-color\"><a href=\"#*REGISTROS\">REGISTROS AK\u00c1SICOS<\/a><\/p>\n<\/div>\n<\/div>\n\n\n\n<div style=\"height:100px\" aria-hidden=\"true\" class=\"wp-block-spacer\"><\/div>\n\n\n\n<div class=\"wp-block-columns\">\n<div class=\"wp-block-column\" style=\"flex-basis:30%\">\n<div class=\"wp-block-columns\">\n<div class=\"wp-block-column\" style=\"flex-basis:33.33%\"><\/div>\n\n\n\n<div class=\"wp-block-column\" style=\"flex-basis:66.66%\">\n<figure class=\"wp-block-image size-large is-resized\"><img loading=\"lazy\" src=\"http:\/\/angelamascarell.com\/wp-content\/uploads\/2020\/03\/cerebro-300x214-1.jpg\" alt=\"\" class=\"wp-image-49\" width=\"246\" height=\"174\"\/><\/figure>\n<\/div>\n<\/div>\n<\/div>\n\n\n\n<div class=\"wp-block-column\" style=\"flex-basis:70%\">\n<div class=\"wp-block-columns\">\n<div class=\"wp-block-column\" style=\"flex-basis:92%\">\n<h3 id=\"*EQUILIBRIO\"><strong>EQUILIBRIO VITAL<\/strong><\/h3>\n\n\n\n<p>El equilibrio es lo m\u00e1s&nbsp; importante en la vida y todas nuestras partes tienen que estar en armon\u00eda, mente, cuerpo y esp\u00edritu.<\/p>\n\n\n\n<p>Combino&nbsp; diferentes t\u00e9cnicas para obtener los mejores resultados<\/p>\n\n\n\n<p>Contenido de una sesi\u00f3n:<\/p>\n\n\n\n<ul><li>Restablecer tu campo energ\u00e9tico (el aura) y subirle la vibraci\u00f3n<\/li><li>Equilibrar y armonizar los 7 centros energ\u00e9ticos<\/li><li>Conectar y expandir tu eje central para que est\u00e9n equilibrados la mente, cuerpo y esp\u00edritu<\/li><li>A partir de ah\u00ed encontrar el origen de lo que te est\u00e1 causando el problema, resetearlo y neutralizarlo para que ya no te afecte.<\/li><\/ul>\n\n\n\n<p>En esta sesi\u00f3n utilizo mi propia t\u00e9cnica a trav\u00e9s de la VISI\u00d3N EN PANTALLAS (videncia) y diferentes t\u00e9cnicas como el Tapping, Terapia Estructural, M\u00e9todo Yuen, PNL y Reiki, entre otras\u2026<\/p>\n\n\n\n<p>SESI\u00d3N INDIVIDUAL PRESENCIAL Y A DISTANCIA<\/p>\n\n\n\n<p class=\"has-text-color has-background has-white-color has-neve-text-color-background-color has-text-align-right\"><a href=\"http:\/\/angelamascarell.com\/#*CONTACTO\">PIDE TU CITA<\/a><\/p>\n<\/div>\n\n\n\n<div class=\"wp-block-column\" style=\"flex-basis:8%\"><\/div>\n<\/div>\n<\/div>\n<\/div>\n\n\n\n<div style=\"height:50px\" aria-hidden=\"true\" class=\"wp-block-spacer\"><\/div>\n\n\n\n<div class=\"wp-block-columns\">\n<div class=\"wp-block-column\" style=\"flex-basis:30%\">\n<div class=\"wp-block-columns\">\n<div class=\"wp-block-column\" style=\"flex-basis:30%\"><\/div>\n\n\n\n<div class=\"wp-block-column\" style=\"flex-basis:70%\">\n<figure class=\"wp-block-image size-large is-resized\"><img loading=\"lazy\" src=\"http:\/\/angelamascarell.com\/wp-content\/uploads\/2020\/03\/001-150x150-1.jpg\" alt=\"\" class=\"wp-image-57\" width=\"215\" height=\"215\"\/><\/figure>\n<\/div>\n<\/div>\n<\/div>\n\n\n\n<div class=\"wp-block-column\" style=\"flex-basis:70%\">\n<div class=\"wp-block-columns\">\n<div class=\"wp-block-column\" style=\"flex-basis:92%\">\n<h3 id=\"*ESTRUCTURAL\"><strong>TERAPIA ESTRUCTURAL<\/strong><\/h3>\n\n\n\n<p><strong>La terapia m\u00e1s espectacular para la eliminaci\u00f3n del DOLOR.<\/strong><\/p>\n\n\n\n<p>La Terapia Estructural favorece el equilibrio de la estructura del cuerpo ayudando al sistema nervioso a trabajar sin interferencias.<\/p>\n\n\n\n<p>Bloqueos heredados, patrones familiares, fobias, filias, duelos no concluidos, traumas&#8230; seamos conscientes o no, a lo largo de los a\u00f1os, se convierten en una carga muy pesada que nos acaba bloqueando tanto a nivel f\u00edsico como emocional.<\/p>\n\n\n\n<p>Esta terapia no invasiva es compatible con cualquier tratamiento m\u00e9dico, farmacol\u00f3gico o energ\u00e9tico.<\/p>\n\n\n\n<p>SESI\u00d3N INDIVIDUAL PRESENCIAL Y A DISTANCIA<\/p>\n\n\n\n<p class=\"has-text-color has-background has-text-align-right has-white-color has-neve-text-color-background-color\"><a href=\"http:\/\/angelamascarell.com\/#*CONTACTO\">PIDE TU CITA<\/a><\/p>\n<\/div>\n\n\n\n<div class=\"wp-block-column\" style=\"flex-basis:8%\"><\/div>\n<\/div>\n<\/div>\n<\/div>\n\n\n\n<div style=\"height:50px\" aria-hidden=\"true\" class=\"wp-block-spacer\"><\/div>\n\n\n\n<div class=\"wp-block-columns\">\n<div class=\"wp-block-column\" style=\"flex-basis:30%\">\n<div class=\"wp-block-columns\">\n<div class=\"wp-block-column\" style=\"flex-basis:30%\"><\/div>\n\n\n\n<div class=\"wp-block-column\" style=\"flex-basis:70%\">\n<figure class=\"wp-block-image size-large is-resized\"><img loading=\"lazy\" src=\"http:\/\/angelamascarell.com\/wp-content\/uploads\/2020\/03\/produto_barras_de_access-300x300-1.png\" alt=\"\" class=\"wp-image-55\" width=\"197\" height=\"197\" srcset=\"https:\/\/angelamascarell.com\/wp-content\/uploads\/2020\/03\/produto_barras_de_access-300x300-1.png 300w, https:\/\/angelamascarell.com\/wp-content\/uploads\/2020\/03\/produto_barras_de_access-300x300-1-150x150.png 150w\" sizes=\"(max-width: 197px) 100vw, 197px\" \/><\/figure>\n<\/div>\n<\/div>\n<\/div>\n\n\n\n<div class=\"wp-block-column\" style=\"flex-basis:70%\">\n<div class=\"wp-block-columns\">\n<div class=\"wp-block-column\" style=\"flex-basis:92%\">\n<h3 id=\"*ACCESS\"><strong>&nbsp;BARRAS DE ACCESS<\/strong><\/h3>\n\n\n\n<p>\u00bfTe gustar\u00eda eliminar de tu cabeza todo lo que te limita? \u00bfTe gustar\u00eda estar m\u00e1s alegre y atraer la abundancia a tu vida de una forma sencilla?<\/p>\n\n\n\n<p>Las Barras de Access Consciousness o Access Bars son 32 puntos que hay en&nbsp; la cabeza. Cada una de estas barras contiene informaci\u00f3n sobre determinadas \u00e1reas de la vida: dinero, control, creatividad, poder, sexualidad, cuerpo, envejecimiento, alegr\u00eda, tristeza, etc.&nbsp; La informaci\u00f3n que dichas barras contienen son los puntos de vista que has ido creando y haciendo significativos a lo largo de tu existencia y que, de una forma u otra, te mantienen anclado y te impiden mejorar en algunos aspectos de tu vida.<\/p>\n\n\n\n<p>&nbsp;Se trata, literalmente, de formatear nuestro cerebro.<\/p>\n\n\n\n<p>El primer s\u00edntoma suele ser una relajaci\u00f3n profunda como casi nunca antes se ha experimentado. \u200b Dejar\u00e1s de actuar en funci\u00f3n del pasado o del miedo al futuro para vivir plenamente conectado con el presente.<\/p>\n\n\n\n<p>Esta t\u00e9cnica fue creada por el norte americano Gary Douglas en 1990 y ahora est\u00e1 presente en m\u00e1s de 170 pa\u00edses<\/p>\n\n\n\n<p><strong>REDUCE:<\/strong><\/p>\n\n\n\n<p>Ansiedad \u2013 Insomnio \u2013 Estr\u00e9s \u2013 Depresi\u00f3n \u2013 D\u00e9ficit de atenci\u00f3n \u2013 Bloqueos \u2013 Creencias negativas<\/p>\n\n\n\n<p><strong>AUMENTA:<\/strong><\/p>\n\n\n\n<p>Creatividad \u2013 Memoria \u2013 Rendimiento \u2013 Energ\u00eda \u2013 Paz \u2013<\/p>\n\n\n\n<p>Tus puntos de vista<\/p>\n\n\n\n<p>SESI\u00d3N INDIVIDUAL PRESENCIAL<\/p>\n\n\n\n<p class=\"has-text-color has-background has-text-align-right has-white-color has-neve-text-color-background-color\"><a href=\"http:\/\/angelamascarell.com\/#*CONTACTO\">PIDE TU CITA<\/a><br><\/p>\n<\/div>\n\n\n\n<div class=\"wp-block-column\" style=\"flex-basis:8%\"><\/div>\n<\/div>\n<\/div>\n<\/div>\n\n\n\n<div style=\"height:50px\" aria-hidden=\"true\" class=\"wp-block-spacer\"><\/div>\n\n\n\n<div class=\"wp-block-columns\">\n<div class=\"wp-block-column\" style=\"flex-basis:30%\">\n<div class=\"wp-block-columns\">\n<div class=\"wp-block-column\" style=\"flex-basis:30%\"><\/div>\n\n\n\n<div class=\"wp-block-column\" style=\"flex-basis:70%\">\n<figure class=\"wp-block-image size-large is-resized\"><img loading=\"lazy\" src=\"http:\/\/angelamascarell.com\/wp-content\/uploads\/2020\/03\/1552058539_archive_1_muerte_mascota_ser_querido_rz500.jpg\" alt=\"\" class=\"wp-image-133\" width=\"361\" height=\"188\" srcset=\"https:\/\/angelamascarell.com\/wp-content\/uploads\/2020\/03\/1552058539_archive_1_muerte_mascota_ser_querido_rz500.jpg 500w, https:\/\/angelamascarell.com\/wp-content\/uploads\/2020\/03\/1552058539_archive_1_muerte_mascota_ser_querido_rz500-300x157.jpg 300w\" sizes=\"(max-width: 361px) 100vw, 361px\" \/><\/figure>\n<\/div>\n<\/div>\n<\/div>\n\n\n\n<div class=\"wp-block-column\" style=\"flex-basis:70%\">\n<div class=\"wp-block-columns\">\n<div class=\"wp-block-column\" style=\"flex-basis:92%\">\n<h3 id=\"*MASCOTA\"><strong>AFRONTAR LA P\u00c9RDIDA DE TU MASCOTA<\/strong><\/h3>\n\n\n\n<p>Tras 20 a\u00f1os de tener 3 generaciones de perros (1 cada vez) un d\u00eda me hizo el veterinario la pregunta m\u00e1s dif\u00edcil de contestar de mi vida \u00bfQu\u00e9 fecha quieres que pongamos para \u201cdormirlo\u201d? No se puede responder a eso, el dolor es demasiado grande.<\/p>\n\n\n\n<p>Para algunas personas, la p\u00e9rdida de una mascota es su primera experiencia con la muerte y es muy posible que el duelo por la muerte de tu mascota te supere.<\/p>\n\n\n\n<p>Para la mayor\u00eda&nbsp; supone un suceso muy traum\u00e1tico en sus vidas.<\/p>\n\n\n\n<p>Muchos de los que hayan tenido una mascota saben que puede ser similar a la p\u00e9rdida de un familiar o un amigo cercano. \u201cSu muerte implica un duelo profundo y doloroso, debido a la gran compa\u00f1\u00eda que nos ofrecen, al estrecho v\u00ednculo que se establece entre ellos y nosotros y al amor que llegamos a sentir mutuamente\u201d<\/p>\n\n\n\n<p>El 40% se ha visto obligado a la eutanasia debido a una enfermedad.<\/p>\n\n\n\n<p>T\u00fa tienes la decisi\u00f3n final pero <strong>no alargues su sufrimiento s\u00f3lo porque no quieras perderlo.<\/strong><\/p>\n\n\n\n<p>Las personas que no han tenido mascota o nunca han pasado por una situaci\u00f3n as\u00ed no te entender\u00e1n. No te enfades con ellos y <strong>piensa que como t\u00fa hay mucha gente.<\/strong> Tu mascota <strong>siempre estar\u00e1 <\/strong>en tu coraz\u00f3n.<\/p>\n\n\n\n<p>A trav\u00e9s de mi videncia te acompa\u00f1o en esos momentos para ayudarte a saber &nbsp; cu\u00e1ndo es el mejor momento de decirle adi\u00f3s a tu mascota y si ya ha fallecido como puedes sentirme mejor.<\/p>\n\n\n\n<p>SESI\u00d3N PRESENCIAL Y A DISTANCIA<\/p>\n\n\n\n<p class=\"has-text-color has-background has-text-align-right has-white-color has-neve-text-color-background-color\"><a href=\"http:\/\/angelamascarell.com\/#*CONTACTO\">PIDE TU CITA<\/a><br><\/p>\n<\/div>\n\n\n\n<div class=\"wp-block-column\" style=\"flex-basis:8%\"><\/div>\n<\/div>\n<\/div>\n<\/div>\n\n\n\n<div style=\"height:50px\" aria-hidden=\"true\" class=\"wp-block-spacer\"><\/div>\n\n\n\n<div class=\"wp-block-columns\">\n<div class=\"wp-block-column\" style=\"flex-basis:30%\">\n<div class=\"wp-block-columns\">\n<div class=\"wp-block-column\" style=\"flex-basis:30%\"><\/div>\n\n\n\n<div class=\"wp-block-column\" style=\"flex-basis:70%\">\n<figure class=\"wp-block-image size-large is-resized\"><img loading=\"lazy\" src=\"http:\/\/angelamascarell.com\/wp-content\/uploads\/2020\/03\/folsss.jpg\" alt=\"\" class=\"wp-image-135\" width=\"298\" height=\"327\" srcset=\"https:\/\/angelamascarell.com\/wp-content\/uploads\/2020\/03\/folsss.jpg 500w, https:\/\/angelamascarell.com\/wp-content\/uploads\/2020\/03\/folsss-274x300.jpg 274w\" sizes=\"(max-width: 298px) 100vw, 298px\" \/><\/figure>\n<\/div>\n<\/div>\n<\/div>\n\n\n\n<div class=\"wp-block-column\" style=\"flex-basis:70%\">\n<div class=\"wp-block-columns\">\n<div class=\"wp-block-column\" style=\"flex-basis:92%\">\n<h3 id=\"*MUERTE\"><strong>VIDA DESPU\u00c9S DE LA MUERTE<\/strong><\/h3>\n\n\n\n<p>La energ\u00eda ni se crea ni se destruye solo se transforma. Albert Einstein<\/p>\n\n\n\n<p>Si los&nbsp; cient\u00edficos dicen que el cuerpo humano es 100% energ\u00eda\u2026 \u00bfa donde va despu\u00e9s de dejar el cuerpo?<\/p>\n\n\n\n<p>&nbsp;El 30% de la poblaci\u00f3n ha tenido \u201cexperiencias cercanas a la muerte\u201d<\/p>\n\n\n\n<p>Es un hecho constatado por hospitales, m\u00e9dicos, psic\u00f3logos, cient\u00edficos..<\/p>\n\n\n\n<p>&nbsp;A trav\u00e9s de mi videncia te acompa\u00f1o en ese camino de tr\u00e1nsito, para que todos se\u00e1is conscientes de c\u00f3mo va evolucionando\u2026<\/p>\n\n\n\n<p>SESI\u00d3N PRESENCIAL Y A DISTANCIA<\/p>\n\n\n\n<p class=\"has-text-color has-background has-text-align-right has-white-color has-neve-text-color-background-color\"><a href=\"http:\/\/angelamascarell.com\/#*CONTACTO\">PIDE TU CITA<\/a><br><\/p>\n<\/div>\n\n\n\n<div class=\"wp-block-column\" style=\"flex-basis:8%\"><\/div>\n<\/div>\n<\/div>\n<\/div>\n\n\n\n<div style=\"height:50px\" aria-hidden=\"true\" class=\"wp-block-spacer\"><\/div>\n\n\n\n<div class=\"wp-block-columns\">\n<div class=\"wp-block-column\" style=\"flex-basis:30%\">\n<div class=\"wp-block-columns\">\n<div class=\"wp-block-column\" style=\"flex-basis:30%\"><\/div>\n\n\n\n<div class=\"wp-block-column\" style=\"flex-basis:70%\">\n<figure class=\"wp-block-image size-large is-resized\"><img loading=\"lazy\" src=\"http:\/\/angelamascarell.com\/wp-content\/uploads\/2020\/03\/images.jpg\" alt=\"\" class=\"wp-image-137\" width=\"297\" height=\"222\"\/><\/figure>\n<\/div>\n<\/div>\n<\/div>\n\n\n\n<div class=\"wp-block-column\" style=\"flex-basis:70%\">\n<div class=\"wp-block-columns\">\n<div class=\"wp-block-column\" style=\"flex-basis:92%\">\n<h3 id=\"*CASAS\"><strong>LIMPIEZA ENERG\u00c9TICA DE CASAS Y LUGARES<\/strong><\/h3>\n\n\n\n<p>Si la energ\u00eda positiva fluye y circula, nuestra vida mejorar\u00e1.<\/p>\n\n\n\n<p>La <strong>energ\u00eda atascada o negativa<\/strong> hace que surjan m\u00faltiples obst\u00e1culos y problemas en nuestra vida diaria, todo cuesta mucho m\u00e1s y los resultados de nuestros esfuerzos no est\u00e1n debidamente recompensados.<\/p>\n\n\n\n<p>Emociones como el enfado, el miedo, la tristeza o situaciones en nuestra casa o espacio de trabajo como discusiones, enfermedad o desenga\u00f1os dejan un residuo vibracional muy denso y bajo en el ambiente que justamente atrae y genera m\u00e1s de lo mismo.&nbsp;<\/p>\n\n\n\n<p>Con la Limpieza Energ\u00e9tica lo que hacemos es liberar el espacio de esas energ\u00edas no deseadas.&nbsp;<\/p>\n\n\n\n<p>Nos encontramos lugares con presencia de energ\u00edas de baja frecuencia y\/o con alteraciones en su campo energ\u00e9tico que favorecen la entrada y salida de estas energ\u00edas.&nbsp;<\/p>\n\n\n\n<p>El estudio, limpieza y armonizaci\u00f3n de la casa en ocasiones es de vital importancia, pues podemos estar haciendo tratamientos energ\u00e9ticos o convencionales para la resoluci\u00f3n de alguna enfermedad, por ejemplo, pero no conseguimos recuperarnos o caemos en otros malestares o enfermedades debido al estado energ\u00e9tico en el que est\u00e1 el espacio en el que pasamos m\u00e1s tiempo (casa o trabajo)<\/p>\n\n\n\n<p>&nbsp;En muchas ocasiones no solo es importante tomar la decisi\u00f3n de realizar&nbsp; la limpieza del espacio sino tambi\u00e9n valorar en qu\u00e9 medida nosotros tenemos algo que ver, inconscientemente, con ello.<\/p>\n\n\n\n<p><strong>Cuando es recomendable hacerlo<\/strong>: al cambiar de casa, despu\u00e9s de discusiones seguidas, escasez, p\u00e9rdidas, rupturas sentimentales, fallecimientos de personas o mascotas, etc\u2026<\/p>\n\n\n\n<p>PRESENCIAL Y A DISTANCIA<\/p>\n\n\n\n<p class=\"has-text-color has-background has-text-align-right has-white-color has-neve-text-color-background-color\"><a href=\"http:\/\/angelamascarell.com\/#*CONTACTO\">PIDE TU CITA<\/a><br><\/p>\n<\/div>\n\n\n\n<div class=\"wp-block-column\" style=\"flex-basis:8%\"><\/div>\n<\/div>\n<\/div>\n<\/div>\n\n\n\n<div style=\"height:50px\" aria-hidden=\"true\" class=\"wp-block-spacer\"><\/div>\n\n\n\n<div class=\"wp-block-columns\">\n<div class=\"wp-block-column\" style=\"flex-basis:30%\">\n<div class=\"wp-block-columns\">\n<div class=\"wp-block-column\" style=\"flex-basis:30%\"><\/div>\n\n\n\n<div class=\"wp-block-column\" style=\"flex-basis:70%\">\n<figure class=\"wp-block-image size-large is-resized\"><img loading=\"lazy\" src=\"http:\/\/angelamascarell.com\/wp-content\/uploads\/2020\/03\/akasicos-300x212-1.jpg\" alt=\"\" class=\"wp-image-50\" width=\"294\" height=\"208\"\/><\/figure>\n<\/div>\n<\/div>\n<\/div>\n\n\n\n<div class=\"wp-block-column\" style=\"flex-basis:70%\">\n<div class=\"wp-block-columns\">\n<div class=\"wp-block-column\" style=\"flex-basis:92%\">\n<h3 id=\"*REGISTROS\"><strong>REGISTROS AK\u00c1SHICOS<\/strong><\/h3>\n\n\n\n<p>De hecho los Registros Ak\u00e1shicos no son nada nuevo. Ha sido reconocido por todas las grandes civilizaciones. En Egipto se conocen como las \u201cTablas de Thoth\u201d, en la Biblia cat\u00f3lica occidental como el \u201cLibro de la vida\u201c, en el Islam como la \u201cTabla Eterna\u201d y los grandes imperios Mayas los denominan el \u201cBanco Psi\u201d.<\/p>\n\n\n\n<p>Los Registros Ak\u00e1shicos son denominados en la jerga como \u201cuna memoria universal de la existencia\u201d, graciosamente similares a lo que ser\u00eda un \u201cInternet C\u00f3smico\u201d, y representan un espacio multidimensional en el que se alojan todas las experiencias del alma.<\/p>\n\n\n\n<p>En la sesi\u00f3n se accede a informaciones como:<\/p>\n\n\n\n<div class=\"wp-block-group\"><div class=\"wp-block-group__inner-container\">\n<ul><li>Todas las potencialidades que el \u201cAlma\u201d posee para su evoluci\u00f3n en esta vida,<\/li><li>La verdadera raz\u00f3n de ser de cada persona, y el sentido de la existencia,<\/li><li>Todos los aprendizajes y lecciones pendientes y<\/li><li>Las respuestas a sus grandes preguntas y curiosidades de su vida.<\/li><\/ul>\n\n\n\n<ul><li>La l\u00ednea de tu vida<\/li><\/ul>\n<\/div><\/div>\n\n\n\n<p>SESI\u00d3N INDIVIDUAL PRESENCIAL Y A DISTANCIA<\/p>\n\n\n\n<p class=\"has-text-color has-background has-text-align-right has-white-color has-neve-text-color-background-color\"><a href=\"http:\/\/angelamascarell.com\/#*CONTACTO\">PIDE TU CITA<\/a><br><\/p>\n<\/div>\n\n\n\n<div class=\"wp-block-column\" style=\"flex-basis:8%\"><\/div>\n<\/div>\n<\/div>\n<\/div>\n\n\n\n<div style=\"height:100px\" aria-hidden=\"true\" class=\"wp-block-spacer\"><\/div>\n","protected":false},"excerpt":{"rendered":"<p>TERAPIAS INDIVIDUALES EQUILIBRIO VITAL TERAPIA ESTRUCTURAL AFRONTAR LA PERDIDA DE TU MASCOTA VIDA DESPU\u00c9S DE LA MUERTE LIMPIEZA ENERG\u00c9TICA DE CASAS Y LUGARES BARRAS ACCESS REGISTROS AK\u00c1SICOS EQUILIBRIO VITAL El equilibrio es lo m\u00e1s&nbsp; importante en la vida y todas nuestras partes tienen que estar en armon\u00eda, mente, cuerpo y esp\u00edritu. Combino&nbsp; diferentes t\u00e9cnicas para&hellip;&nbsp;<a href=\"https:\/\/angelamascarell.com\/index.php\/terapias-individuales\/\" class=\"\" rel=\"bookmark\">Leer m\u00e1s &raquo;<span class=\"screen-reader-text\">Terapias Individuales<\/span><\/a><\/p>\n","protected":false},"author":1,"featured_media":0,"parent":0,"menu_order":0,"comment_status":"closed","ping_status":"closed","template":"","meta":[],"_links":{"self":[{"href":"https:\/\/angelamascarell.com\/index.php\/wp-json\/wp\/v2\/pages\/112"}],"collection":[{"href":"https:\/\/angelamascarell.com\/index.php\/wp-json\/wp\/v2\/pages"}],"about":[{"href":"https:\/\/angelamascarell.com\/index.php\/wp-json\/wp\/v2\/types\/page"}],"author":[{"embeddable":true,"href":"https:\/\/angelamascarell.com\/index.php\/wp-json\/wp\/v2\/users\/1"}],"replies":[{"embeddable":true,"href":"https:\/\/angelamascarell.com\/index.php\/wp-json\/wp\/v2\/comments?post=112"}],"version-history":[{"count":45,"href":"https:\/\/angelamascarell.com\/index.php\/wp-json\/wp\/v2\/pages\/112\/revisions"}],"predecessor-version":[{"id":211,"href":"https:\/\/angelamascarell.com\/index.php\/wp-json\/wp\/v2\/pages\/112\/revisions\/211"}],"wp:attachment":[{"href":"https:\/\/angelamascarell.com\/index.php\/wp-json\/wp\/v2\/media?parent=112"}],"curies":[{"name":"wp","href":"https:\/\/api.w.org\/{rel}","templated":true}]}}